{"id":29,"date":"2026-01-01T18:01:44","date_gmt":"2026-01-01T17:01:44","guid":{"rendered":"http:\/\/localhost\/dzbm\/?page_id=29"},"modified":"2026-01-08T14:41:51","modified_gmt":"2026-01-08T13:41:51","slug":"o-nas","status":"publish","type":"page","link":"https:\/\/dzbm.dzierzoniow.pl\/index.php\/o-nas\/","title":{"rendered":"Prezentacja Sp\u00f3\u0142ki"},"content":{"rendered":"<figure class=\"wp-block-post-featured-image\"><img loading=\"lazy\" decoding=\"async\" width=\"800\" height=\"397\" src=\"https:\/\/dzbm.dzierzoniow.pl\/wp-content\/uploads\/2026\/01\/dzbm.jpg\" class=\"attachment-post-thumbnail size-post-thumbnail wp-post-image\" alt=\"\" style=\"object-fit:cover;\" srcset=\"https:\/\/dzbm.dzierzoniow.pl\/wp-content\/uploads\/2026\/01\/dzbm.jpg 800w, https:\/\/dzbm.dzierzoniow.pl\/wp-content\/uploads\/2026\/01\/dzbm-300x149.jpg 300w, https:\/\/dzbm.dzierzoniow.pl\/wp-content\/uploads\/2026\/01\/dzbm-768x381.jpg 768w\" sizes=\"auto, (max-width: 800px) 100vw, 800px\" \/><\/figure>\n\n\n<p>Pocz\u0105tki firmy si\u0119gaj\u0105 pierwszych lat powojennych, a dzia\u0142alno\u015b\u0107 jej zwi\u0105zana by\u0142a z szeroko rozumian\u0105 sfer\u0105 gospodarki komunalnej. Poprzednikami DZBM by\u0142y przedsi\u0119biorstwa, kt\u00f3rym przypisywano bardzo szeroki zakres dzia\u0142alno\u015bci. Do podstawowych zada\u0144 realizowanych w tych przedsi\u0119biorstwach nale\u017cy zaliczy\u0107:<\/p>\n\n\n\n<ol class=\"wp-block-list\">\n<li>Gospodark\u0119 mieszkaniow\u0105<\/li>\n\n\n\n<li>Us\u0142ugi komunalne (zimowe i letnie utrzymanie dr\u00f3g, ziele\u0144, utrzymanie czysto\u015bci, cmentarze, wyw\u00f3z nieczysto\u015bci i inne zwi\u0105zane z funkcjonowaniem miasta)<\/li>\n\n\n\n<li>Dzia\u0142alno\u015b\u0107 remontowa mieszkaniowych zasob\u00f3w komunalnych<\/li>\n<\/ol>\n\n\n\n<p>W latach siedemdziesi\u0105tych dokonano pierwszych przekszta\u0142ce\u0144 tej bran\u017cy polegaj\u0105cych na podziale Rejonowych Przedsi\u0119biorstw, kt\u00f3re dzia\u0142a\u0142y regionalnie na obszarze powiat\u00f3w i tworzeniu Przedsi\u0119biorstw Gospodarki Komunalnej i Mieszkaniowej (PGKiM) dzia\u0142aj\u0105cych lokalnie najcz\u0119\u015bciej na terenie Miast. Celem tych przekszta\u0142ce\u0144 by\u0142o kompleksowe \u015bwiadczenie us\u0142ug w tej sferze i podporz\u0105dkowanie PGKiM-\u00f3w w\u0142adzom miejskim.<\/p>\n\n\n\n<p>W momencie transformacji ustrojowej w latach 90-tych w\u0142adze samorz\u0105dowe niezadowolone z dzia\u0142alno\u015bci tych przedsi\u0119biorstw zacz\u0119\u0142y dokonywa\u0107 dalszej reformy tej sfery gospodarki. PGKiM-y o statusie przedsi\u0119biorstw pa\u0144stwowych zacz\u0119to przekszta\u0142ca\u0107, w zak\u0142ady bud\u017cetowe, kt\u00f3rych organami za\u0142o\u017cycielskimi by\u0142y Gminy. Tak te\u017c sta\u0142o si\u0119 w przypadku PGKiM Dzier\u017coni\u00f3w. W 1991 r. zosta\u0142 on przekszta\u0142cony w Zak\u0142ad Gospodarki Komunalnej i Mieszkaniowej.<\/p>\n\n\n\n<p>ZGKiM zacz\u0105\u0142 funkcjonowa\u0107 jako zak\u0142ad bud\u017cetowy Gminy Miejskiej Dzier\u017coni\u00f3w. Przej\u0105\u0142 on wi\u0119kszo\u015b\u0107 us\u0142ug z zakresu gospodarki mieszkaniowej i komunalnej, a tak\u017ce zapewni\u0142 ci\u0105g\u0142o\u015b\u0107 \u015bwiadczenia us\u0142ug po przekszta\u0142conych &#8211; zlikwidowanych PGKiM-ach. Dalsze reformy polega\u0142y na wyodr\u0119bnianiu z tych przedsi\u0119biorstw i komercjalizowaniu us\u0142ug komunalnych takich jak us\u0142ugi pogrzebowe, budowlane, ziele\u0144 miejska i inne, kt\u00f3rych wykonywanie przejmowa\u0142y firmy prywatne b\u0105d\u017a zak\u0142adane przez pracownik\u00f3w ZGKiM-\u00f3w. Kolejnym etapem przekszta\u0142ce\u0144 by\u0142 rozdzia\u0142 dzia\u0142alno\u015bci zwi\u0105zanej z zarz\u0105dzaniem gminnym zasobem mieszkaniowym i us\u0142ug komunalnych. W 1996 r. utworzono z podzia\u0142u ZGKiM-u &#8211; Przedsi\u0119biorstwo Komunalne Sp. z o.o. i Zarz\u0105d Budynk\u00f3w Mieszkalnych (zak\u0142ad bud\u017cetowy Gminy Miejskiej Dzier\u017coni\u00f3w. Przedsi\u0119biorstwo Komunalne zosta\u0142o sprywatyzowane, a udzia\u0142y w Sp\u00f3\u0142ce obj\u0119li pracownicy. Sp\u00f3\u0142ka \u015bwiadczy na rzecz Miasta, Wsp\u00f3lnot Mieszkaniowych i os\u00f3b fizycznych us\u0142ugi komunalne w szczeg\u00f3lno\u015bci; wyw\u00f3z nieczysto\u015bci, zimowe i letnie utrzymanie dr\u00f3g, chodnik\u00f3w oraz utrzymanie czysto\u015bci. Zarz\u0105d Budynk\u00f3w Mieszkalnych \u015bwiadczy\u0142 us\u0142ugi zwi\u0105zane z szeroko rozumian\u0105 gospodark\u0105 mieszkaniow\u0105.<\/p>\n\n\n\n<p>Ostatnim etapem reform by\u0142o przekszta\u0142cenie ZBM-u w Dzier\u017coniowski Zarz\u0105d Budynk\u00f3w Mieszkalnych Sp\u00f3\u0142ka z o.o. (DZBM), kt\u00f3rej jednoosobowym wsp\u00f3lnikiem zosta\u0142a Gmina Miejska Dzier\u017coni\u00f3w. Proces przekszta\u0142cenia dokona\u0142 si\u0119 1.01.2005 r., a nowo powsta\u0142a Sp\u00f3\u0142ka \u015bwiadczy us\u0142ugi zwi\u0105zane z zarz\u0105dzaniem nieruchomo\u015bciami, administrowaniem lokalami mieszkalnymi i u\u017cytkowymi na rzecz Gminy oraz na rzecz Wsp\u00f3lnot Mieszkaniowych. Dochody Sp\u00f3\u0142ki z kontraktu z Gmin\u0105 maj\u0105 tendencje malej\u0105c\u0105. Wynika to z faktu, \u017ce Sp\u00f3\u0142ka w okresie swojego dzia\u0142ania rozszerzy\u0142a dzia\u0142alno\u015b\u0107 o projektowanie budowlane, po\u015brednictwo finansowe i po\u015brednictwo w obrocie nieruchomo\u015bciami w oparciu o zatrudnionych w jej strukturach fachowc\u00f3w.<\/p>\n\n\n\n<p>Sp\u00f3\u0142k\u0105 od momentu jej powstania do 30 czerwca 2011 kierowa\u0142 Prezes Zarz\u0105du mgr Roman Matusiak. Dzia\u0142alno\u015b\u0107 Sp\u00f3\u0142ki nadzorowa\u0142a Rada Nadzorcza w sk\u0142adzie &#8211; Przewodnicz\u0105cy I kadencji-Wanda Ostrowska od 1.01.2008r. Przewodnicz\u0105cy II kadencji- Stanis\u0142aw Koz\u0142owski, Z-ca Przew.I i II &#8211; Krzysztof Grzeg\u00f3\u0142ka i Sekretarz Rady I i II kadencji &#8211; Marian Kowal, Przewodnicz\u0105cy III i IV kadencji &#8211; Stanis\u0142aw Koz\u0142owski, Z-ca &#8211; Henryk Kos, a sekretarzem by\u0142a &#8211; Dorota Miernicka.<br>Przewodnicz\u0105cy V i VI kadencji &#8211; Rafa\u0142 Ku\u015bmierek Z-ca &#8211; Henryk Kos, a sekretarzem by\u0142 &#8211; Andrzej Nied\u017awiecki.<\/p>\n\n\n\n<h4 class=\"wp-block-heading\">Organy Sp\u00f3\u0142ki:<\/h4>\n\n\n\n<ul class=\"wp-block-list\">\n<li>\n<ul class=\"wp-block-list\">\n<li>Organami Sp\u00f3\u0142ki s\u0105:<\/li>\n\n\n\n<li>Zgromadzenie Wsp\u00f3lnik\u00f3w<\/li>\n\n\n\n<li>Rada Nadzorcza<\/li>\n\n\n\n<li>Zarz\u0105d Sp\u00f3\u0142ki<\/li>\n<\/ul>\n<\/li>\n<\/ul>\n\n\n\n<p>Organem wykonawczym Sp\u00f3\u0142ki jest jednoosobowy Zarz\u0105d. Kadencja Zarz\u0105du trwa 4 lata. Zarz\u0105d kieruje bie\u017c\u0105c\u0105 dzia\u0142alno\u015bci\u0105 Sp\u00f3\u0142ki, reprezentuje r\u00f3wnie\u017c Sp\u00f3\u0142k\u0119 w sprawach s\u0105dowych i pozas\u0105dowych.as Wsp\u00f3lnoty Mieszkaniowe rozliczane s\u0105 przez swoje indywidualne konta bankowe posiadaj\u0105 ubezpieczenie swojej nieruchomo\u015bci i maj\u0105 aktualn\u0105 ksi\u0105\u017ck\u0119 obiektu oraz wszystkie przewidziane prawem przegl\u0105dy.<\/p>\n","protected":false},"excerpt":{"rendered":"<p>Pocz\u0105tki firmy si\u0119gaj\u0105 pierwszych lat powojennych, a dzia\u0142alno\u015b\u0107 jej zwi\u0105zana by\u0142a z szeroko rozumian\u0105 sfer\u0105 gospodarki komunalnej. Poprzednikami DZBM by\u0142y przedsi\u0119biorstwa, kt\u00f3rym przypisywano bardzo szeroki zakres dzia\u0142alno\u015bci. Do podstawowych zada\u0144 realizowanych w tych przedsi\u0119biorstwach nale\u017cy zaliczy\u0107: W latach siedemdziesi\u0105tych dokonano pierwszych przekszta\u0142ce\u0144 tej bran\u017cy polegaj\u0105cych na podziale Rejonowych Przedsi\u0119biorstw, kt\u00f3re dzia\u0142a\u0142y regionalnie na obszarze powiat\u00f3w [&hellip;]<\/p>\n","protected":false},"author":1,"featured_media":123,"parent":0,"menu_order":0,"comment_status":"closed","ping_status":"closed","template":"","meta":{"footnotes":""},"class_list":["post-29","page","type-page","status-publish","has-post-thumbnail","hentry"],"_links":{"self":[{"href":"https:\/\/dzbm.dzierzoniow.pl\/index.php\/wp-json\/wp\/v2\/pages\/29","targetHints":{"allow":["GET"]}}],"collection":[{"href":"https:\/\/dzbm.dzierzoniow.pl\/index.php\/wp-json\/wp\/v2\/pages"}],"about":[{"href":"https:\/\/dzbm.dzierzoniow.pl\/index.php\/wp-json\/wp\/v2\/types\/page"}],"author":[{"embeddable":true,"href":"https:\/\/dzbm.dzierzoniow.pl\/index.php\/wp-json\/wp\/v2\/users\/1"}],"replies":[{"embeddable":true,"href":"https:\/\/dzbm.dzierzoniow.pl\/index.php\/wp-json\/wp\/v2\/comments?post=29"}],"version-history":[{"count":10,"href":"https:\/\/dzbm.dzierzoniow.pl\/index.php\/wp-json\/wp\/v2\/pages\/29\/revisions"}],"predecessor-version":[{"id":165,"href":"https:\/\/dzbm.dzierzoniow.pl\/index.php\/wp-json\/wp\/v2\/pages\/29\/revisions\/165"}],"wp:featuredmedia":[{"embeddable":true,"href":"https:\/\/dzbm.dzierzoniow.pl\/index.php\/wp-json\/wp\/v2\/media\/123"}],"wp:attachment":[{"href":"https:\/\/dzbm.dzierzoniow.pl\/index.php\/wp-json\/wp\/v2\/media?parent=29"}],"curies":[{"name":"wp","href":"https:\/\/api.w.org\/{rel}","templated":true}]}}