{"id":34,"date":"2026-01-01T19:11:12","date_gmt":"2026-01-01T18:11:12","guid":{"rendered":"http:\/\/localhost\/dzbm\/?page_id=34"},"modified":"2026-01-15T20:19:05","modified_gmt":"2026-01-15T19:19:05","slug":"pliki-do-pobrania","status":"publish","type":"page","link":"https:\/\/dzbm.dzierzoniow.pl\/index.php\/pliki-do-pobrania\/","title":{"rendered":"Pliki do pobrania"},"content":{"rendered":"\n<div class=\"wp-block-file\"><a id=\"wp-block-file--media-3c54e653-311f-4ce5-a154-6370aa014ce0\" href=\"https:\/\/dzbm.dzierzoniow.pl\/wp-content\/uploads\/2026\/01\/Oferta-przetargowa-na-najem-garazu.pdf\">Oferta przetargowa na najem garaz\u0307u<\/a><a href=\"https:\/\/dzbm.dzierzoniow.pl\/wp-content\/uploads\/2026\/01\/Oferta-przetargowa-na-najem-garazu.pdf\" class=\"wp-block-file__button wp-element-button\" download aria-describedby=\"wp-block-file--media-3c54e653-311f-4ce5-a154-6370aa014ce0\">Pobierz<\/a><\/div>\n\n\n\n<div class=\"wp-block-file\"><a id=\"wp-block-file--media-27e38029-735c-4ec5-8f9c-56de8223bce0\" href=\"https:\/\/dzbm.dzierzoniow.pl\/wp-content\/uploads\/2026\/01\/Oferta-przetargowa-na-najem-lokalu-uzytkowego.pdf\">Oferta przetargowa na najem lokalu uz\u0307ytkowego<\/a><a href=\"https:\/\/dzbm.dzierzoniow.pl\/wp-content\/uploads\/2026\/01\/Oferta-przetargowa-na-najem-lokalu-uzytkowego.pdf\" class=\"wp-block-file__button wp-element-button\" download aria-describedby=\"wp-block-file--media-27e38029-735c-4ec5-8f9c-56de8223bce0\">Pobierz<\/a><\/div>\n\n\n\n<div class=\"wp-block-file\"><a id=\"wp-block-file--media-91156ad8-f02d-4015-8a84-0aac643a4194\" href=\"https:\/\/dzbm.dzierzoniow.pl\/wp-content\/uploads\/2026\/01\/Okresowa-weryfikacja-dochodow.pdf\">Okresowa weryfikacja dochodo\u0301w<\/a><a href=\"https:\/\/dzbm.dzierzoniow.pl\/wp-content\/uploads\/2026\/01\/Okresowa-weryfikacja-dochodow.pdf\" class=\"wp-block-file__button wp-element-button\" download aria-describedby=\"wp-block-file--media-91156ad8-f02d-4015-8a84-0aac643a4194\">Pobierz<\/a><\/div>\n\n\n\n<div class=\"wp-block-file\"><a id=\"wp-block-file--media-20ff92e0-00fb-4fdb-90d9-49fdec30e3e2\" href=\"https:\/\/dzbm.dzierzoniow.pl\/wp-content\/uploads\/2026\/01\/Oswiadczenie-przeksiegowanie-nadplaty-na-fundusz.pdf\">Os\u0301wiadczenie przeksie\u0328gowanie nadp\u0142aty na fundusz<\/a><a href=\"https:\/\/dzbm.dzierzoniow.pl\/wp-content\/uploads\/2026\/01\/Oswiadczenie-przeksiegowanie-nadplaty-na-fundusz.pdf\" class=\"wp-block-file__button wp-element-button\" download aria-describedby=\"wp-block-file--media-20ff92e0-00fb-4fdb-90d9-49fdec30e3e2\">Pobierz<\/a><\/div>\n\n\n\n<div class=\"wp-block-file\"><a id=\"wp-block-file--media-ea39bc72-ebc5-4d19-8b91-1d481f817ddf\" href=\"https:\/\/dzbm.dzierzoniow.pl\/wp-content\/uploads\/2026\/01\/Oswiadczenie-przeksiegowanie-nadplaty-na-poczet-odsetek.pdf\">Os\u0301wiadczenie przeksie\u0328gowanie nadp\u0142aty na poczet odsetek<\/a><a href=\"https:\/\/dzbm.dzierzoniow.pl\/wp-content\/uploads\/2026\/01\/Oswiadczenie-przeksiegowanie-nadplaty-na-poczet-odsetek.pdf\" class=\"wp-block-file__button wp-element-button\" download aria-describedby=\"wp-block-file--media-ea39bc72-ebc5-4d19-8b91-1d481f817ddf\">Pobierz<\/a><\/div>\n\n\n\n<div class=\"wp-block-file\"><a id=\"wp-block-file--media-e8409209-d470-4191-9d3a-59458032d258\" href=\"https:\/\/dzbm.dzierzoniow.pl\/wp-content\/uploads\/2026\/01\/Oswiadczenie-zalozenia-wodomierza.pdf\">Os\u0301wiadczenie za\u0142oz\u0307enia wodomierza<\/a><a href=\"https:\/\/dzbm.dzierzoniow.pl\/wp-content\/uploads\/2026\/01\/Oswiadczenie-zalozenia-wodomierza.pdf\" class=\"wp-block-file__button wp-element-button\" download aria-describedby=\"wp-block-file--media-e8409209-d470-4191-9d3a-59458032d258\">Pobierz<\/a><\/div>\n\n\n\n<div class=\"wp-block-file\"><a id=\"wp-block-file--media-cb4de759-adc3-4de6-b395-d2e5acd8dd2c\" href=\"https:\/\/dzbm.dzierzoniow.pl\/wp-content\/uploads\/2026\/01\/Podanie-o-wyplate-nadplaty.pdf\">Podanie o wyp\u0142ate\u0328 nadp\u0142aty<\/a><a href=\"https:\/\/dzbm.dzierzoniow.pl\/wp-content\/uploads\/2026\/01\/Podanie-o-wyplate-nadplaty.pdf\" class=\"wp-block-file__button wp-element-button\" download aria-describedby=\"wp-block-file--media-cb4de759-adc3-4de6-b395-d2e5acd8dd2c\">Pobierz<\/a><\/div>\n\n\n\n<div class=\"wp-block-file\"><a id=\"wp-block-file--media-e7f5fbae-608f-4ca6-b292-5436e5d92351\" href=\"https:\/\/dzbm.dzierzoniow.pl\/wp-content\/uploads\/2026\/01\/Regulamin-remontow-gminnych-lokali-mieszkalnych.pdf\">Regulamin remonto\u0301w gminnych lokali mieszkalnych<\/a><a href=\"https:\/\/dzbm.dzierzoniow.pl\/wp-content\/uploads\/2026\/01\/Regulamin-remontow-gminnych-lokali-mieszkalnych.pdf\" class=\"wp-block-file__button wp-element-button\" download aria-describedby=\"wp-block-file--media-e7f5fbae-608f-4ca6-b292-5436e5d92351\">Pobierz<\/a><\/div>\n\n\n\n<div class=\"wp-block-file\"><a id=\"wp-block-file--media-747892bf-c5df-466d-bfd7-c3856c9fcedc\" href=\"https:\/\/dzbm.dzierzoniow.pl\/wp-content\/uploads\/2026\/01\/UCHWALA-ws-zasad-wynajmowania-lokali-i-pomieszczen-.pdf\">UCHWA\u0141A ws zasad wynajmowania lokali i pomieszczen\u0301 &#8230;<\/a><a href=\"https:\/\/dzbm.dzierzoniow.pl\/wp-content\/uploads\/2026\/01\/UCHWALA-ws-zasad-wynajmowania-lokali-i-pomieszczen-.pdf\" class=\"wp-block-file__button wp-element-button\" download aria-describedby=\"wp-block-file--media-747892bf-c5df-466d-bfd7-c3856c9fcedc\">Pobierz<\/a><\/div>\n\n\n\n<div class=\"wp-block-file\"><a id=\"wp-block-file--media-18e2ce38-8246-45fc-9360-f8383fcd302e\" href=\"https:\/\/dzbm.dzierzoniow.pl\/wp-content\/uploads\/2026\/01\/Wniosek-na-wydzierzawienie-gruntu.pdf\">Wniosek na wydzierz\u0307awienie gruntu<\/a><a href=\"https:\/\/dzbm.dzierzoniow.pl\/wp-content\/uploads\/2026\/01\/Wniosek-na-wydzierzawienie-gruntu.pdf\" class=\"wp-block-file__button wp-element-button\" download aria-describedby=\"wp-block-file--media-18e2ce38-8246-45fc-9360-f8383fcd302e\">Pobierz<\/a><\/div>\n\n\n\n<div class=\"wp-block-file\"><a id=\"wp-block-file--media-05909695-741f-4cfd-b836-60c67fc9775d\" href=\"https:\/\/dzbm.dzierzoniow.pl\/wp-content\/uploads\/2026\/01\/Wniosek-o-przedluzenie-dzierzawy-terenu-pod-garazem.pdf\">Wniosek o przed\u0142uz\u0307enie dzierz\u0307awy terenu pod garaz\u0307em<\/a><a href=\"https:\/\/dzbm.dzierzoniow.pl\/wp-content\/uploads\/2026\/01\/Wniosek-o-przedluzenie-dzierzawy-terenu-pod-garazem.pdf\" class=\"wp-block-file__button wp-element-button\" download aria-describedby=\"wp-block-file--media-05909695-741f-4cfd-b836-60c67fc9775d\">Pobierz<\/a><\/div>\n\n\n\n<div class=\"wp-block-file\"><a id=\"wp-block-file--media-b0ef9970-73b7-4f8a-834c-da5cf6cc3ff3\" href=\"https:\/\/dzbm.dzierzoniow.pl\/wp-content\/uploads\/2026\/01\/Wniosek-o-przedluzenie-umowy-najmu-garazu.pdf\">Wniosek o przed\u0142uz\u0307enie umowy najmu garaz\u0307u<\/a><a href=\"https:\/\/dzbm.dzierzoniow.pl\/wp-content\/uploads\/2026\/01\/Wniosek-o-przedluzenie-umowy-najmu-garazu.pdf\" class=\"wp-block-file__button wp-element-button\" download aria-describedby=\"wp-block-file--media-b0ef9970-73b7-4f8a-834c-da5cf6cc3ff3\">Pobierz<\/a><\/div>\n\n\n\n<div class=\"wp-block-file\"><a id=\"wp-block-file--media-ba0dd231-fda3-47c1-a538-06bd3cc4095f\" href=\"https:\/\/dzbm.dzierzoniow.pl\/wp-content\/uploads\/2026\/01\/Wniosek-o-wydanie-warunkow-technicznych.pdf\">Wniosek o wydanie warunkow technicznych<\/a><a href=\"https:\/\/dzbm.dzierzoniow.pl\/wp-content\/uploads\/2026\/01\/Wniosek-o-wydanie-warunkow-technicznych.pdf\" class=\"wp-block-file__button wp-element-button\" download aria-describedby=\"wp-block-file--media-ba0dd231-fda3-47c1-a538-06bd3cc4095f\">Pobierz<\/a><\/div>\n\n\n\n<div class=\"wp-block-file\"><a id=\"wp-block-file--media-dca8ca41-dd26-4fa6-b2ee-a87cc4dffd7d\" href=\"https:\/\/dzbm.dzierzoniow.pl\/wp-content\/uploads\/2026\/01\/Wniosek-o-przydzial-mieszkania-DMM.pdf\">Wniosek o przydzia\u0142 mieszkania DMM<\/a><a href=\"https:\/\/dzbm.dzierzoniow.pl\/wp-content\/uploads\/2026\/01\/Wniosek-o-przydzial-mieszkania-DMM.pdf\" class=\"wp-block-file__button wp-element-button\" download aria-describedby=\"wp-block-file--media-dca8ca41-dd26-4fa6-b2ee-a87cc4dffd7d\">Pobierz<\/a><\/div>\n\n\n\n<div class=\"wp-block-file\"><a id=\"wp-block-file--media-d61a86f8-dd89-4d1e-b55b-40ed52db5348\" href=\"https:\/\/dzbm.dzierzoniow.pl\/wp-content\/uploads\/2026\/01\/Wniosek-o-zalozenie-E-BOK-i-klauzula-RODO_0.pdf\">Wniosek o za\u0142o\u017cenie E-BOK i klauzula RODO<\/a><a href=\"https:\/\/dzbm.dzierzoniow.pl\/wp-content\/uploads\/2026\/01\/Wniosek-o-zalozenie-E-BOK-i-klauzula-RODO_0.pdf\" class=\"wp-block-file__button wp-element-button\" download aria-describedby=\"wp-block-file--media-d61a86f8-dd89-4d1e-b55b-40ed52db5348\">Pobierz<\/a><\/div>\n\n\n\n<div class=\"wp-block-file\"><a id=\"wp-block-file--media-865e397c-2fe2-4ecf-a0e7-0c5132fd1d3e\" href=\"https:\/\/dzbm.dzierzoniow.pl\/wp-content\/uploads\/2026\/01\/Zgoda-na-wysylanie-korespondencji-droga-elektroniczna.pdf\">Zgoda na wysy\u0142anie korespondencji droga\u0328 elektroniczna\u0328<\/a><a href=\"https:\/\/dzbm.dzierzoniow.pl\/wp-content\/uploads\/2026\/01\/Zgoda-na-wysylanie-korespondencji-droga-elektroniczna.pdf\" class=\"wp-block-file__button wp-element-button\" download aria-describedby=\"wp-block-file--media-865e397c-2fe2-4ecf-a0e7-0c5132fd1d3e\">Pobierz<\/a><\/div>\n\n\n\n<div class=\"wp-block-file\"><a id=\"wp-block-file--media-660461d4-0c41-4292-9404-be94340c633f\" href=\"https:\/\/dzbm.dzierzoniow.pl\/wp-content\/uploads\/2026\/01\/DZBM_zlecenie_reklamy.pdf\">Zlecenie reklamy na s\u0142upach og\u0142oszeniowych w Dzier\u017coniowie &#8211; do wydruku.pdf<\/a><a href=\"https:\/\/dzbm.dzierzoniow.pl\/wp-content\/uploads\/2026\/01\/DZBM_zlecenie_reklamy.pdf\" class=\"wp-block-file__button wp-element-button\" download aria-describedby=\"wp-block-file--media-660461d4-0c41-4292-9404-be94340c633f\">Pobierz<\/a><\/div>\n\n\n\n<div class=\"wp-block-file\"><a id=\"wp-block-file--media-3076e093-f0e9-4cc9-83a6-0547c5637034\" href=\"https:\/\/dzbm.dzierzoniow.pl\/wp-content\/uploads\/2026\/01\/Zmiana-adresu-do-korespondencji.pdf\">Zmiana adresu do korespondencji<\/a><a href=\"https:\/\/dzbm.dzierzoniow.pl\/wp-content\/uploads\/2026\/01\/Zmiana-adresu-do-korespondencji.pdf\" class=\"wp-block-file__button wp-element-button\" download aria-describedby=\"wp-block-file--media-3076e093-f0e9-4cc9-83a6-0547c5637034\">Pobierz<\/a><\/div>\n\n\n\n<div class=\"wp-block-file\"><a id=\"wp-block-file--media-ca4ef61d-aecb-4221-8315-e62cc133c358\" href=\"https:\/\/dzbm.dzierzoniow.pl\/wp-content\/uploads\/2026\/01\/Zmiana-ilosci-osob-i-wody.pdf\">Zmiana ilos\u0301ci oso\u0301b i wody<\/a><a href=\"https:\/\/dzbm.dzierzoniow.pl\/wp-content\/uploads\/2026\/01\/Zmiana-ilosci-osob-i-wody.pdf\" class=\"wp-block-file__button wp-element-button\" download aria-describedby=\"wp-block-file--media-ca4ef61d-aecb-4221-8315-e62cc133c358\">Pobierz<\/a><\/div>\n","protected":false},"excerpt":{"rendered":"","protected":false},"author":1,"featured_media":0,"parent":0,"menu_order":0,"comment_status":"closed","ping_status":"closed","template":"","meta":{"footnotes":""},"class_list":["post-34","page","type-page","status-publish","hentry"],"_links":{"self":[{"href":"https:\/\/dzbm.dzierzoniow.pl\/index.php\/wp-json\/wp\/v2\/pages\/34","targetHints":{"allow":["GET"]}}],"collection":[{"href":"https:\/\/dzbm.dzierzoniow.pl\/index.php\/wp-json\/wp\/v2\/pages"}],"about":[{"href":"https:\/\/dzbm.dzierzoniow.pl\/index.php\/wp-json\/wp\/v2\/types\/page"}],"author":[{"embeddable":true,"href":"https:\/\/dzbm.dzierzoniow.pl\/index.php\/wp-json\/wp\/v2\/users\/1"}],"replies":[{"embeddable":true,"href":"https:\/\/dzbm.dzierzoniow.pl\/index.php\/wp-json\/wp\/v2\/comments?post=34"}],"version-history":[{"count":9,"href":"https:\/\/dzbm.dzierzoniow.pl\/index.php\/wp-json\/wp\/v2\/pages\/34\/revisions"}],"predecessor-version":[{"id":229,"href":"https:\/\/dzbm.dzierzoniow.pl\/index.php\/wp-json\/wp\/v2\/pages\/34\/revisions\/229"}],"wp:attachment":[{"href":"https:\/\/dzbm.dzierzoniow.pl\/index.php\/wp-json\/wp\/v2\/media?parent=34"}],"curies":[{"name":"wp","href":"https:\/\/api.w.org\/{rel}","templated":true}]}}