{"id":96,"date":"2026-01-04T21:10:56","date_gmt":"2026-01-04T20:10:56","guid":{"rendered":"http:\/\/localhost\/dzbm\/?page_id=96"},"modified":"2026-01-22T20:47:58","modified_gmt":"2026-01-22T19:47:58","slug":"cennik-uslug-reklamowych","status":"publish","type":"page","link":"https:\/\/dzbm.dzierzoniow.pl\/index.php\/cennik-uslug-reklamowych\/","title":{"rendered":"Cennik us\u0142ug reklamowych old"},"content":{"rendered":"\n<div class=\"wp-block-file\"><a id=\"wp-block-file--media-1c5a8cb3-1cf5-480a-99e8-c2584ff24f7d\" href=\"https:\/\/dzbm.dzierzoniow.pl\/wp-content\/uploads\/2026\/01\/DZBM_zlecenie_reklamy.pdf\">Zlecenie reklamy na s\u0142upach og\u0142oszeniowych w Dzier\u017coniowie &#8211; do wydruku.pdf<\/a><a href=\"https:\/\/dzbm.dzierzoniow.pl\/wp-content\/uploads\/2026\/01\/DZBM_zlecenie_reklamy.pdf\" class=\"wp-block-file__button wp-element-button\" download aria-describedby=\"wp-block-file--media-1c5a8cb3-1cf5-480a-99e8-c2584ff24f7d\">Pobierz<\/a><\/div>\n\n\n\n<p><strong>Cennik netto us\u0142ug reklamowych na s\u0142upach og\u0142oszeniowych w administracji DZBM sp. z o.o.:<\/strong><\/p>\n\n\n\n<p>Ekspozycja do 3 dni (z\u0142\/szt.):<\/p>\n\n\n\n<figure class=\"wp-block-table\"><table role=\"presentation\"><tbody><tr><td>do formatu A5<\/td><td>2,80 z\u0142<\/td><\/tr><tr><td>powy\u017cej formatu A5 do A4<\/td><td>3,30 z\u0142<\/td><\/tr><tr><td>powy\u017cej formatu A4 do A3<\/td><td>4,70 z\u0142<\/td><\/tr><tr><td>powy\u017cej formatu A3 do A2<\/td><td>6,70 z\u0142<\/td><\/tr><tr><td>powy\u017cej formatu A2 do A1<\/td><td>9,40 z\u0142<\/td><\/tr><tr><td>powy\u017cej formatu A1 do A0<\/td><td>12,00 z\u0142<\/td><\/tr><tr><td>powy\u017cej formatu A0 do 2A0<\/td><td>14,00 z\u0142<\/td><\/tr><\/tbody><\/table><\/figure>\n\n\n\n<p>&nbsp;Ekspozycja do 7 dni (z\u0142\/szt.):<\/p>\n\n\n\n<figure class=\"wp-block-table\"><table role=\"presentation\"><tbody><tr><td>do formatu A5<\/td><td>3,30 z\u0142<\/td><\/tr><tr><td>powy\u017cej formatu A5 do A4<\/td><td>4,70 z\u0142 <\/td><\/tr><tr><td>powy\u017cej formatu A4 do A3<\/td><td>7,35 z\u0142<\/td><\/tr><tr><td>powy\u017cej formatu A3 do A2<\/td><td>11,35 z\u0142<\/td><\/tr><tr><td>powy\u017cej formatu A2 do A1<\/td><td>15,40 z\u0142<\/td><\/tr><tr><td>powy\u017cej formatu A1 do A0<\/td><td>19,40 z\u0142<\/td><\/tr><tr><td>powy\u017cej formatu A0 do 2A0<\/td><td>23,40 z\u0142<\/td><\/tr><\/tbody><\/table><\/figure>\n\n\n\n<p>Ekspozycja do 14 dni (z\u0142\/szt.):<\/p>\n\n\n\n<figure class=\"wp-block-table\"><table role=\"presentation\"><tbody><tr><td>do formatu A5<\/td><td>4,70 z\u0142<\/td><\/tr><tr><td>powy\u017cej formatu A5 do A4<\/td><td>7,35 z\u0142<\/td><\/tr><tr><td>powy\u017cej formatu A4 do A3<\/td><td>10,00 z\u0142<\/td><\/tr><tr><td>powy\u017cej formatu A3 do A2<\/td><td>18,65 z\u0142<\/td><\/tr><tr><td>powy\u017cej formatu A2 do A1<\/td><td>22,65 z\u0142<\/td><\/tr><tr><td>powy\u017cej formatu A1 do A0<\/td><td>26,70 z\u0142<\/td><\/tr><tr><td>powy\u017cej formatu A0 do 2A0<\/td><td>23,40 z\u0142<\/td><\/tr><\/tbody><\/table><\/figure>\n\n\n\n<p> Do powy\u017cszych kwot doliczany jest podatek VAT w wysoko\u015bci 23%.<br>Organizacjom pozarz\u0105dowym przys\u0142uguje 20% zni\u017cki od kwoty netto.<\/p>\n\n\n\n<p><br> <\/p>\n\n\n\n<p class=\"has-vivid-red-color has-text-color has-link-color wp-elements-cf5a8919aa36cacd0856ac29e26a7faa\"><strong>Cennik netto us\u0142ug reklamowych na s\u0142upach og\u0142oszeniowych w administracji DZBM sp. z o.o.:<\/strong> <strong>(obowi\u0105zuj\u0105cy na czas kampanii wyborczych)<\/strong><\/p>\n\n\n\n<p>Ekspozycja do 3 dni (z\u0142\/szt.):<\/p>\n\n\n\n<figure class=\"wp-block-table\"><table role=\"presentation\"><tbody><tr><td>do formatu A5<\/td><td>3,10 z\u0142<\/td><\/tr><tr><td>powy\u017cej formatu A5 do A4<\/td><td>3,95 z\u0142<\/td><\/tr><tr><td>powy\u017cej formatu A4 do A3<\/td><td>5,60 z\u0142<\/td><\/tr><tr><td>powy\u017cej formatu A3 do A2<\/td><td>8,15 z\u0142<\/td><\/tr><tr><td>powy\u017cej formatu A2 do A1<\/td><td>11,50 z\u0142<\/td><\/tr><tr><td>powy\u017cej formatu A1 do A0<\/td><td>15,40 z\u0142<\/td><\/tr><tr><td>powy\u017cej formatu A0 do 2A0<\/td><td>17,35 z\u0142<\/td><\/tr><\/tbody><\/table><\/figure>\n\n\n\n<p>&nbsp;Ekspozycja do 7 dni (z\u0142\/szt.):<\/p>\n\n\n\n<figure class=\"wp-block-table\"><table role=\"presentation\"><tbody><tr><td>do formatu A5<\/td><td>3,95 z\u0142<\/td><\/tr><tr><td>powy\u017cej formatu A5 do A4<\/td><td>5,60 z\u0142<\/td><\/tr><tr><td>powy\u017cej formatu A4 do A3<\/td><td>8,95 z\u0142<\/td><\/tr><tr><td>powy\u017cej formatu A3 do A2<\/td><td>14,00 z\u0142<\/td><\/tr><tr><td>powy\u017cej formatu A2 do A1<\/td><td>19,05 z\u0142<\/td><\/tr><tr><td>powy\u017cej formatu A1 do A0<\/td><td>24,05 z\u0142<\/td><\/tr><tr><td>powy\u017cej formatu A0 do 2A0<\/td><td>29,10 z\u0142<\/td><\/tr><\/tbody><\/table><\/figure>\n\n\n\n<p>Ekspozycja do 14 dni (z\u0142\/szt.):<\/p>\n\n\n\n<figure class=\"wp-block-table\"><table role=\"presentation\"><tbody><tr><td>do formatu A5<\/td><td>5,60 z\u0142<\/td><\/tr><tr><td>powy\u017cej formatu A5 do A4<\/td><td>8,95 z\u0142<\/td><\/tr><tr><td>powy\u017cej formatu A4 do A3<\/td><td>12,30 z\u0142<\/td><\/tr><tr><td>powy\u017cej formatu A3 do A2<\/td><td>20,70 z\u0142<\/td><\/tr><tr><td>powy\u017cej formatu A2 do A1<\/td><td>23,20 z\u0142<\/td><\/tr><tr><td>powy\u017cej formatu A1 do A0<\/td><td>28,25 z\u0142<\/td><\/tr><tr><td>powy\u017cej formatu A0 do 2A0<\/td><td>33,85 z\u0142<\/td><\/tr><\/tbody><\/table><\/figure>\n\n\n\n<p>Do powy\u017cszych kwot doliczany jest podatek VAT w wysoko\u015bci 23%.<\/p>\n\n\n\n<p><\/p>\n\n\n\n<p><\/p>\n","protected":false},"excerpt":{"rendered":"<p>Cennik netto us\u0142ug reklamowych na s\u0142upach og\u0142oszeniowych w administracji DZBM sp. z o.o.: Ekspozycja do 3 dni (z\u0142\/szt.): do formatu A5 2,80 z\u0142 powy\u017cej formatu A5 do A4 3,30 z\u0142 powy\u017cej formatu A4 do A3 4,70 z\u0142 powy\u017cej formatu A3 do A2 6,70 z\u0142 powy\u017cej formatu A2 do A1 9,40 z\u0142 powy\u017cej formatu A1 do [&hellip;]<\/p>\n","protected":false},"author":1,"featured_media":0,"parent":0,"menu_order":0,"comment_status":"closed","ping_status":"closed","template":"","meta":{"footnotes":""},"class_list":["post-96","page","type-page","status-publish","hentry"],"_links":{"self":[{"href":"https:\/\/dzbm.dzierzoniow.pl\/index.php\/wp-json\/wp\/v2\/pages\/96","targetHints":{"allow":["GET"]}}],"collection":[{"href":"https:\/\/dzbm.dzierzoniow.pl\/index.php\/wp-json\/wp\/v2\/pages"}],"about":[{"href":"https:\/\/dzbm.dzierzoniow.pl\/index.php\/wp-json\/wp\/v2\/types\/page"}],"author":[{"embeddable":true,"href":"https:\/\/dzbm.dzierzoniow.pl\/index.php\/wp-json\/wp\/v2\/users\/1"}],"replies":[{"embeddable":true,"href":"https:\/\/dzbm.dzierzoniow.pl\/index.php\/wp-json\/wp\/v2\/comments?post=96"}],"version-history":[{"count":16,"href":"https:\/\/dzbm.dzierzoniow.pl\/index.php\/wp-json\/wp\/v2\/pages\/96\/revisions"}],"predecessor-version":[{"id":305,"href":"https:\/\/dzbm.dzierzoniow.pl\/index.php\/wp-json\/wp\/v2\/pages\/96\/revisions\/305"}],"wp:attachment":[{"href":"https:\/\/dzbm.dzierzoniow.pl\/index.php\/wp-json\/wp\/v2\/media?parent=96"}],"curies":[{"name":"wp","href":"https:\/\/api.w.org\/{rel}","templated":true}]}}